{"id":86,"date":"2021-06-07T16:24:07","date_gmt":"2021-06-07T16:24:07","guid":{"rendered":"https:\/\/lecalicoba.com\/MPP\/?page_id=86"},"modified":"2023-04-23T08:23:02","modified_gmt":"2023-04-23T08:23:02","slug":"les-marees","status":"publish","type":"page","link":"https:\/\/lecalicoba.com\/MPP\/les-marees\/","title":{"rendered":"Les Mar\u00e9es"},"content":{"rendered":"\n<iframe loading=\"lazy\" src=\"https:\/\/horloge.maree.frbateaux.net\/ws138\" width=\"1226\" height=\"217\" frameborder=\"0\" scrolling=\"no\"><a href=\"http:\/\/maree.info\/\" target=\"_top\" rel=\"dofollow noopener\">Calendrier des mar\u00e9es &#8211; horaire, hauteur, coefficient de mar\u00e9e<\/a><\/iframe>\n\n\n\n<ul class=\"wp-block-list\">\n<li><\/li>\n<\/ul>\n","protected":false},"excerpt":{"rendered":"<p>Calendrier des mar\u00e9es &#8211; horaire, hauteur, coefficient de mar\u00e9e<\/p>\n","protected":false},"author":1,"featured_media":0,"parent":0,"menu_order":0,"comment_status":"closed","ping_status":"closed","template":"","meta":{"footnotes":""},"class_list":["post-86","page","type-page","status-publish","hentry"],"yoast_head":"<!-- This site is optimized with the Yoast SEO plugin v27.5 - https:\/\/yoast.com\/product\/yoast-seo-wordpress\/ -->\n<title>Les Mar\u00e9es - MIMIZAN P\u00caCHE PLAISANCE<\/title>\n<meta name=\"robots\" content=\"index, follow, max-snippet:-1, max-image-preview:large, max-video-preview:-1\" \/>\n<link rel=\"canonical\" href=\"https:\/\/lecalicoba.com\/MPP\/les-marees\/\" \/>\n<meta property=\"og:locale\" content=\"fr_FR\" \/>\n<meta property=\"og:type\" content=\"article\" \/>\n<meta property=\"og:title\" content=\"Les Mar\u00e9es - MIMIZAN P\u00caCHE PLAISANCE\" \/>\n<meta property=\"og:description\" content=\"Calendrier des mar\u00e9es &#8211; horaire, hauteur, coefficient de mar\u00e9e\" \/>\n<meta property=\"og:url\" content=\"https:\/\/lecalicoba.com\/MPP\/les-marees\/\" \/>\n<meta property=\"og:site_name\" content=\"MIMIZAN P\u00caCHE PLAISANCE\" \/>\n<meta property=\"article:publisher\" content=\"https:\/\/www.facebook.com\/Mimizan-Pche-Plaisance-274744686769446\" \/>\n<meta property=\"article:modified_time\" content=\"2023-04-23T08:23:02+00:00\" \/>\n<meta property=\"og:image\" content=\"https:\/\/lecalicoba.com\/MPP\/wp-content\/uploads\/2021\/06\/cropped-logo-peche-1.jpg\" \/>\n\t<meta property=\"og:image:width\" content=\"542\" \/>\n\t<meta property=\"og:image:height\" content=\"360\" \/>\n\t<meta property=\"og:image:type\" content=\"image\/jpeg\" \/>\n<meta name=\"twitter:card\" content=\"summary_large_image\" \/>\n<meta name=\"twitter:label1\" content=\"Dur\u00e9e de lecture estim\u00e9e\" \/>\n\t<meta name=\"twitter:data1\" content=\"1 minute\" \/>\n<script type=\"application\/ld+json\" class=\"yoast-schema-graph\">{\"@context\":\"https:\\\/\\\/schema.org\",\"@graph\":[{\"@type\":\"WebPage\",\"@id\":\"https:\\\/\\\/lecalicoba.com\\\/MPP\\\/les-marees\\\/\",\"url\":\"https:\\\/\\\/lecalicoba.com\\\/MPP\\\/les-marees\\\/\",\"name\":\"Les Mar\u00e9es - MIMIZAN P\u00caCHE PLAISANCE\",\"isPartOf\":{\"@id\":\"https:\\\/\\\/lecalicoba.com\\\/MPP\\\/#website\"},\"datePublished\":\"2021-06-07T16:24:07+00:00\",\"dateModified\":\"2023-04-23T08:23:02+00:00\",\"breadcrumb\":{\"@id\":\"https:\\\/\\\/lecalicoba.com\\\/MPP\\\/les-marees\\\/#breadcrumb\"},\"inLanguage\":\"fr-FR\",\"potentialAction\":[{\"@type\":\"ReadAction\",\"target\":[\"https:\\\/\\\/lecalicoba.com\\\/MPP\\\/les-marees\\\/\"]}]},{\"@type\":\"BreadcrumbList\",\"@id\":\"https:\\\/\\\/lecalicoba.com\\\/MPP\\\/les-marees\\\/#breadcrumb\",\"itemListElement\":[{\"@type\":\"ListItem\",\"position\":1,\"name\":\"Accueil\",\"item\":\"https:\\\/\\\/lecalicoba.com\\\/MPP\\\/\"},{\"@type\":\"ListItem\",\"position\":2,\"name\":\"Les Mar\u00e9es\"}]},{\"@type\":\"WebSite\",\"@id\":\"https:\\\/\\\/lecalicoba.com\\\/MPP\\\/#website\",\"url\":\"https:\\\/\\\/lecalicoba.com\\\/MPP\\\/\",\"name\":\"MIMIZAN P\u00caCHE PLAISANCE\",\"description\":\"Les bonheurs simples de l&#039;Oc\u00e9an\",\"publisher\":{\"@id\":\"https:\\\/\\\/lecalicoba.com\\\/MPP\\\/#organization\"},\"alternateName\":\"MPP\",\"potentialAction\":[{\"@type\":\"SearchAction\",\"target\":{\"@type\":\"EntryPoint\",\"urlTemplate\":\"https:\\\/\\\/lecalicoba.com\\\/MPP\\\/?s={search_term_string}\"},\"query-input\":{\"@type\":\"PropertyValueSpecification\",\"valueRequired\":true,\"valueName\":\"search_term_string\"}}],\"inLanguage\":\"fr-FR\"},{\"@type\":\"Organization\",\"@id\":\"https:\\\/\\\/lecalicoba.com\\\/MPP\\\/#organization\",\"name\":\"MIMIZAN P\u00caCHE PLAISANCE\",\"url\":\"https:\\\/\\\/lecalicoba.com\\\/MPP\\\/\",\"logo\":{\"@type\":\"ImageObject\",\"inLanguage\":\"fr-FR\",\"@id\":\"https:\\\/\\\/lecalicoba.com\\\/MPP\\\/#\\\/schema\\\/logo\\\/image\\\/\",\"url\":\"https:\\\/\\\/lecalicoba.com\\\/MPP\\\/wp-content\\\/uploads\\\/2021\\\/06\\\/cropped-logo-peche-1.jpg\",\"contentUrl\":\"https:\\\/\\\/lecalicoba.com\\\/MPP\\\/wp-content\\\/uploads\\\/2021\\\/06\\\/cropped-logo-peche-1.jpg\",\"width\":542,\"height\":360,\"caption\":\"MIMIZAN P\u00caCHE PLAISANCE\"},\"image\":{\"@id\":\"https:\\\/\\\/lecalicoba.com\\\/MPP\\\/#\\\/schema\\\/logo\\\/image\\\/\"},\"sameAs\":[\"https:\\\/\\\/www.facebook.com\\\/Mimizan-Pche-Plaisance-274744686769446\"]}]}<\/script>\n<!-- \/ Yoast SEO plugin. -->","yoast_head_json":{"title":"Les Mar\u00e9es - MIMIZAN P\u00caCHE PLAISANCE","robots":{"index":"index","follow":"follow","max-snippet":"max-snippet:-1","max-image-preview":"max-image-preview:large","max-video-preview":"max-video-preview:-1"},"canonical":"https:\/\/lecalicoba.com\/MPP\/les-marees\/","og_locale":"fr_FR","og_type":"article","og_title":"Les Mar\u00e9es - MIMIZAN P\u00caCHE PLAISANCE","og_description":"Calendrier des mar\u00e9es &#8211; horaire, hauteur, coefficient de mar\u00e9e","og_url":"https:\/\/lecalicoba.com\/MPP\/les-marees\/","og_site_name":"MIMIZAN P\u00caCHE PLAISANCE","article_publisher":"https:\/\/www.facebook.com\/Mimizan-Pche-Plaisance-274744686769446","article_modified_time":"2023-04-23T08:23:02+00:00","og_image":[{"width":542,"height":360,"url":"https:\/\/lecalicoba.com\/MPP\/wp-content\/uploads\/2021\/06\/cropped-logo-peche-1.jpg","type":"image\/jpeg"}],"twitter_card":"summary_large_image","twitter_misc":{"Dur\u00e9e de lecture estim\u00e9e":"1 minute"},"schema":{"@context":"https:\/\/schema.org","@graph":[{"@type":"WebPage","@id":"https:\/\/lecalicoba.com\/MPP\/les-marees\/","url":"https:\/\/lecalicoba.com\/MPP\/les-marees\/","name":"Les Mar\u00e9es - MIMIZAN P\u00caCHE PLAISANCE","isPartOf":{"@id":"https:\/\/lecalicoba.com\/MPP\/#website"},"datePublished":"2021-06-07T16:24:07+00:00","dateModified":"2023-04-23T08:23:02+00:00","breadcrumb":{"@id":"https:\/\/lecalicoba.com\/MPP\/les-marees\/#breadcrumb"},"inLanguage":"fr-FR","potentialAction":[{"@type":"ReadAction","target":["https:\/\/lecalicoba.com\/MPP\/les-marees\/"]}]},{"@type":"BreadcrumbList","@id":"https:\/\/lecalicoba.com\/MPP\/les-marees\/#breadcrumb","itemListElement":[{"@type":"ListItem","position":1,"name":"Accueil","item":"https:\/\/lecalicoba.com\/MPP\/"},{"@type":"ListItem","position":2,"name":"Les Mar\u00e9es"}]},{"@type":"WebSite","@id":"https:\/\/lecalicoba.com\/MPP\/#website","url":"https:\/\/lecalicoba.com\/MPP\/","name":"MIMIZAN P\u00caCHE PLAISANCE","description":"Les bonheurs simples de l&#039;Oc\u00e9an","publisher":{"@id":"https:\/\/lecalicoba.com\/MPP\/#organization"},"alternateName":"MPP","potentialAction":[{"@type":"SearchAction","target":{"@type":"EntryPoint","urlTemplate":"https:\/\/lecalicoba.com\/MPP\/?s={search_term_string}"},"query-input":{"@type":"PropertyValueSpecification","valueRequired":true,"valueName":"search_term_string"}}],"inLanguage":"fr-FR"},{"@type":"Organization","@id":"https:\/\/lecalicoba.com\/MPP\/#organization","name":"MIMIZAN P\u00caCHE PLAISANCE","url":"https:\/\/lecalicoba.com\/MPP\/","logo":{"@type":"ImageObject","inLanguage":"fr-FR","@id":"https:\/\/lecalicoba.com\/MPP\/#\/schema\/logo\/image\/","url":"https:\/\/lecalicoba.com\/MPP\/wp-content\/uploads\/2021\/06\/cropped-logo-peche-1.jpg","contentUrl":"https:\/\/lecalicoba.com\/MPP\/wp-content\/uploads\/2021\/06\/cropped-logo-peche-1.jpg","width":542,"height":360,"caption":"MIMIZAN P\u00caCHE PLAISANCE"},"image":{"@id":"https:\/\/lecalicoba.com\/MPP\/#\/schema\/logo\/image\/"},"sameAs":["https:\/\/www.facebook.com\/Mimizan-Pche-Plaisance-274744686769446"]}]}},"_links":{"self":[{"href":"https:\/\/lecalicoba.com\/MPP\/wp-json\/wp\/v2\/pages\/86","targetHints":{"allow":["GET"]}}],"collection":[{"href":"https:\/\/lecalicoba.com\/MPP\/wp-json\/wp\/v2\/pages"}],"about":[{"href":"https:\/\/lecalicoba.com\/MPP\/wp-json\/wp\/v2\/types\/page"}],"author":[{"embeddable":true,"href":"https:\/\/lecalicoba.com\/MPP\/wp-json\/wp\/v2\/users\/1"}],"replies":[{"embeddable":true,"href":"https:\/\/lecalicoba.com\/MPP\/wp-json\/wp\/v2\/comments?post=86"}],"version-history":[{"count":10,"href":"https:\/\/lecalicoba.com\/MPP\/wp-json\/wp\/v2\/pages\/86\/revisions"}],"predecessor-version":[{"id":613,"href":"https:\/\/lecalicoba.com\/MPP\/wp-json\/wp\/v2\/pages\/86\/revisions\/613"}],"wp:attachment":[{"href":"https:\/\/lecalicoba.com\/MPP\/wp-json\/wp\/v2\/media?parent=86"}],"curies":[{"name":"wp","href":"https:\/\/api.w.org\/{rel}","templated":true}]}}